{"id":256,"date":"2026-04-02T14:28:51","date_gmt":"2026-04-02T14:28:51","guid":{"rendered":"https:\/\/nameabrand.no\/?page_id=256"},"modified":"2026-04-16T09:21:58","modified_gmt":"2026-04-16T07:21:58","slug":"foresporsel","status":"publish","type":"page","link":"https:\/\/nameabrand.no\/en\/foresporsel\/","title":{"rendered":"Request"},"content":{"rendered":"\t\t<div data-elementor-type=\"wp-page\" data-elementor-id=\"256\" class=\"elementor elementor-256\" data-elementor-post-type=\"page\">\n\t\t\t\t<div class=\"elementor-element elementor-element-e21050e e-con-full e-flex e-con e-parent\" data-id=\"e21050e\" data-element_type=\"container\" data-e-type=\"container\" data-settings=\"{&quot;background_background&quot;:&quot;classic&quot;}\">\n\t\t\t\t<div class=\"elementor-element elementor-element-8d70ae5 elementor-widget__width-initial elementor-widget elementor-widget-theme-post-title elementor-page-title elementor-widget-heading\" data-id=\"8d70ae5\" data-element_type=\"widget\" data-e-type=\"widget\" data-widget_type=\"theme-post-title.default\">\n\t\t\t\t\t<h1 class=\"elementor-heading-title elementor-size-default\">Foresp\u00f8rsel<\/h1>\t\t\t\t<\/div>\n\t\t\t\t<\/div>\n\t\t<div class=\"elementor-element elementor-element-e919060 e-flex e-con-boxed e-con e-parent\" data-id=\"e919060\" data-element_type=\"container\" data-e-type=\"container\" data-settings=\"{&quot;background_background&quot;:&quot;classic&quot;}\">\n\t\t\t\t\t<div class=\"e-con-inner\">\n\t\t<div class=\"elementor-element elementor-element-c549972 e-flex e-con-boxed e-con e-child\" data-id=\"c549972\" data-element_type=\"container\" data-e-type=\"container\">\n\t\t\t\t\t<div class=\"e-con-inner\">\n\t\t<div class=\"elementor-element elementor-element-5b090f2 e-con-full e-flex e-con e-child\" data-id=\"5b090f2\" data-element_type=\"container\" data-e-type=\"container\">\n\t\t\t\t<div class=\"elementor-element elementor-element-5dd4068 elementor-widget__width-initial elementor-widget elementor-widget-text-editor\" data-id=\"5dd4068\" data-element_type=\"widget\" data-e-type=\"widget\" data-widget_type=\"text-editor.default\">\n\t\t\t\t\t\t\t\t\t<p>\u00d8nsker du forslag til gode, registrerbare navn, kan du starte med \u00e5 legge inn din navnbrief hos oss.<\/p>\t\t\t\t\t\t\t\t<\/div>\n\t\t\t\t<div class=\"elementor-element elementor-element-94370e4 elementor-widget__width-initial elementor-widget elementor-widget-text-editor\" data-id=\"94370e4\" data-element_type=\"widget\" data-e-type=\"widget\" data-widget_type=\"text-editor.default\">\n\t\t\t\t\t\t\t\t\t<p>I l\u00f8pet av kort tid vil du f\u00e5 et pristilbud. Er tilbudet akseptabelt, kan navnutviklingen starte umiddelbart. Navnforslagene f\u00e5r du presentert slik du \u00f8nsker, personlig eller p\u00e5 nettet. Utvikling av nasjonale navn tar to til tre uker, mens internasjonale tar noe lenger tid, avhengig av antall markeder.<\/p>\t\t\t\t\t\t\t\t<\/div>\n\t\t\t\t<div class=\"elementor-element elementor-element-79d8068 elementor-button-align-stretch elementor-widget elementor-widget-form\" data-id=\"79d8068\" data-element_type=\"widget\" data-e-type=\"widget\" data-settings=\"{&quot;step_next_label&quot;:&quot;Next&quot;,&quot;step_previous_label&quot;:&quot;Previous&quot;,&quot;button_width&quot;:&quot;33&quot;,&quot;step_type&quot;:&quot;number_text&quot;,&quot;step_icon_shape&quot;:&quot;circle&quot;}\" data-widget_type=\"form.default\">\n\t\t\t\t\t<template id=\"cfef_logic_data_79d8068\" class=\"cfef_logic_data_js\" data-form-id=\"79d8068\">{&quot;field_6d9f384&quot;:{&quot;display_mode&quot;:&quot;show&quot;,&quot;fire_action&quot;:&quot;All&quot;,&quot;file_types&quot;:&quot;png&quot;,&quot;logic_data&quot;:[{&quot;cfef_logic_field_id&quot;:&quot;field_2881f3b&quot;,&quot;cfef_logic_field_is&quot;:&quot;==&quot;,&quot;cfef_logic_compare_value&quot;:&quot;Andre&quot;,&quot;_id&quot;:&quot;1b3872a&quot;}]},&quot;field_780dda4&quot;:{&quot;display_mode&quot;:&quot;show&quot;,&quot;fire_action&quot;:&quot;All&quot;,&quot;file_types&quot;:&quot;png&quot;,&quot;logic_data&quot;:[{&quot;cfef_logic_field_id&quot;:&quot;field_9eaf1fb&quot;,&quot;cfef_logic_field_is&quot;:&quot;==&quot;,&quot;cfef_logic_compare_value&quot;:&quot;Andre&quot;,&quot;_id&quot;:&quot;1b3872a&quot;}]},&quot;field_f24fd0f&quot;:{&quot;display_mode&quot;:&quot;show&quot;,&quot;fire_action&quot;:&quot;All&quot;,&quot;file_types&quot;:&quot;png&quot;,&quot;logic_data&quot;:[{&quot;cfef_logic_field_id&quot;:&quot;field_e546af7&quot;,&quot;cfef_logic_field_is&quot;:&quot;==&quot;,&quot;cfef_logic_compare_value&quot;:&quot;Andre&quot;,&quot;_id&quot;:&quot;1b3872a&quot;}]},&quot;field_aa970af&quot;:{&quot;display_mode&quot;:&quot;show&quot;,&quot;fire_action&quot;:&quot;All&quot;,&quot;file_types&quot;:&quot;png&quot;,&quot;logic_data&quot;:[{&quot;cfef_logic_field_id&quot;:&quot;field_beea16f&quot;,&quot;cfef_logic_field_is&quot;:&quot;==&quot;,&quot;cfef_logic_compare_value&quot;:&quot;Andre&quot;,&quot;_id&quot;:&quot;c6460b8&quot;}]}}<\/template>\t\t<form class=\"elementor-form\" method=\"post\" name=\"New Form\" aria-label=\"New Form\">\n\t\t\t<input type=\"hidden\" name=\"post_id\" value=\"256\"\/>\n\t\t\t<input type=\"hidden\" name=\"form_id\" value=\"79d8068\"\/>\n\t\t\t<input type=\"hidden\" name=\"referer_title\" value=\"Foresp\u00f8rsel\" \/>\n\n\t\t\t\t\t\t\t<input type=\"hidden\" name=\"queried_id\" value=\"256\"\/>\n\t\t\t\n\t\t\t<div class=\"elementor-form-fields-wrapper elementor-labels-above\">\n\t\t\t\t\t\t\t\t<div class=\"elementor-field-type-text elementor-field-group elementor-column elementor-field-group-name elementor-col-50 elementor-field-required\">\n\t\t\t\t\t\t\t\t\t\t\t\t<label for=\"form-field-name\" class=\"elementor-field-label\">\n\t\t\t\t\t\t\t\tNavn *\t\t\t\t\t\t\t<\/label>\n\t\t\t\t\t\t\t\t\t\t\t\t\t\t<input size=\"1\" type=\"text\" name=\"form_fields[name]\" id=\"form-field-name\" class=\"elementor-field elementor-size-sm  elementor-field-textual\" required=\"required\">\n\t\t\t\t\t\t\t\t\t\t\t<\/div>\n\t\t\t\t\t\t\t\t<div class=\"elementor-field-type-text elementor-field-group elementor-column elementor-field-group-email elementor-col-50 elementor-field-required\">\n\t\t\t\t\t\t\t\t\t\t\t\t<label for=\"form-field-email\" class=\"elementor-field-label\">\n\t\t\t\t\t\t\t\tBedriftsnavn *\t\t\t\t\t\t\t<\/label>\n\t\t\t\t\t\t\t\t\t\t\t\t\t\t<input size=\"1\" type=\"text\" name=\"form_fields[email]\" id=\"form-field-email\" class=\"elementor-field elementor-size-sm  elementor-field-textual\" required=\"required\">\n\t\t\t\t\t\t\t\t\t\t\t<\/div>\n\t\t\t\t\t\t\t\t<div class=\"elementor-field-type-number elementor-field-group elementor-column elementor-field-group-message elementor-col-50 elementor-field-required\">\n\t\t\t\t\t\t\t\t\t\t\t\t<label for=\"form-field-message\" class=\"elementor-field-label\">\n\t\t\t\t\t\t\t\tTelefon *\t\t\t\t\t\t\t<\/label>\n\t\t\t\t\t\t\t\t\t<input type=\"number\" name=\"form_fields[message]\" id=\"form-field-message\" class=\"elementor-field elementor-size-sm  elementor-field-textual\" required=\"required\" min=\"\" max=\"\" >\n\t\t\t\t\t\t<\/div>\n\t\t\t\t\t\t\t\t<div class=\"elementor-field-type-email elementor-field-group elementor-column elementor-field-group-field_78463e0 elementor-col-50 elementor-field-required\">\n\t\t\t\t\t\t\t\t\t\t\t\t<label for=\"form-field-field_78463e0\" class=\"elementor-field-label\">\n\t\t\t\t\t\t\t\t E-post *\t\t\t\t\t\t\t<\/label>\n\t\t\t\t\t\t\t\t\t\t\t\t\t\t<input size=\"1\" type=\"email\" name=\"form_fields[field_78463e0]\" id=\"form-field-field_78463e0\" class=\"elementor-field elementor-size-sm  elementor-field-textual\" required=\"required\">\n\t\t\t\t\t\t\t\t\t\t\t<\/div>\n\t\t\t\t\t\t\t\t<div class=\"elementor-field-type-radio elementor-field-group elementor-column elementor-field-group-field_26c4a34 elementor-col-100 elementor-field-required\">\n\t\t\t\t\t\t\t\t\t\t\t\t<label for=\"form-field-field_26c4a34\" class=\"elementor-field-label\">\n\t\t\t\t\t\t\t\t\u00d8nsker du navn p\u00e5 et: *\t\t\t\t\t\t\t<\/label>\n\t\t\t\t\t\t<div class=\"elementor-field-subgroup  elementor-subgroup-inline\"><span class=\"elementor-field-option\"><input type=\"radio\" value=\"Produkt\" id=\"form-field-field_26c4a34-0\" name=\"form_fields[field_26c4a34]\" required=\"required\"> <label for=\"form-field-field_26c4a34-0\">Produkt<\/label><\/span><span class=\"elementor-field-option\"><input type=\"radio\" value=\"Konsept\" id=\"form-field-field_26c4a34-1\" name=\"form_fields[field_26c4a34]\" required=\"required\"> <label for=\"form-field-field_26c4a34-1\">Konsept<\/label><\/span><span class=\"elementor-field-option\"><input type=\"radio\" value=\"Selskap\" id=\"form-field-field_26c4a34-2\" name=\"form_fields[field_26c4a34]\" required=\"required\"> <label for=\"form-field-field_26c4a34-2\">Selskap<\/label><\/span><\/div>\t\t\t\t<\/div>\n\t\t\t\t\t\t\t\t<div class=\"elementor-field-type-textarea elementor-field-group elementor-column elementor-field-group-field_74d8172 elementor-col-100 elementor-field-required\">\n\t\t\t\t\t\t\t\t\t\t\t\t<label for=\"form-field-field_74d8172\" class=\"elementor-field-label\">\n\t\t\t\t\t\t\t\tKort om form\u00e5let med navnutviklingen. Informasjon om produktet\/konseptet\/selskapet\t\t\t\t\t\t\t<\/label>\n\t\t\t\t\t\t<textarea class=\"elementor-field-textual elementor-field  elementor-size-sm\" name=\"form_fields[field_74d8172]\" id=\"form-field-field_74d8172\" rows=\"4\" required=\"required\"><\/textarea>\t\t\t\t<\/div>\n\t\t\t\t\t\t\t\t<div class=\"elementor-field-type-textarea elementor-field-group elementor-column elementor-field-group-field_5015cf3 elementor-col-100 elementor-field-required\">\n\t\t\t\t\t\t\t\t\t\t\t\t<label for=\"form-field-field_5015cf3\" class=\"elementor-field-label\">\n\t\t\t\t\t\t\t\tProduktets\/konseptets\/selskapets visjon\t\t\t\t\t\t\t<\/label>\n\t\t\t\t\t\t<textarea class=\"elementor-field-textual elementor-field  elementor-size-sm\" name=\"form_fields[field_5015cf3]\" id=\"form-field-field_5015cf3\" rows=\"3\" required=\"required\"><\/textarea>\t\t\t\t<\/div>\n\t\t\t\t\t\t\t\t<div class=\"elementor-field-type-textarea elementor-field-group elementor-column elementor-field-group-field_a2a2197 elementor-col-100 elementor-field-required\">\n\t\t\t\t\t\t\t\t\t\t\t\t<label for=\"form-field-field_a2a2197\" class=\"elementor-field-label\">\n\t\t\t\t\t\t\t\tHvilke m\u00e5lgrupper retter produktet\/konseptet\/selskapet seg mot?\t\t\t\t\t\t\t<\/label>\n\t\t\t\t\t\t<textarea class=\"elementor-field-textual elementor-field  elementor-size-sm\" name=\"form_fields[field_a2a2197]\" id=\"form-field-field_a2a2197\" rows=\"3\" required=\"required\"><\/textarea>\t\t\t\t<\/div>\n\t\t\t\t\t\t\t\t<div class=\"elementor-field-type-textarea elementor-field-group elementor-column elementor-field-group-field_f7aea54 elementor-col-100 elementor-field-required\">\n\t\t\t\t\t\t\t\t\t\t\t\t<label for=\"form-field-field_f7aea54\" class=\"elementor-field-label\">\n\t\t\t\t\t\t\t\tKjerneverdier\t\t\t\t\t\t\t<\/label>\n\t\t\t\t\t\t<textarea class=\"elementor-field-textual elementor-field  elementor-size-sm\" name=\"form_fields[field_f7aea54]\" id=\"form-field-field_f7aea54\" rows=\"3\" required=\"required\"><\/textarea>\t\t\t\t<\/div>\n\t\t\t\t\t\t\t\t<div class=\"elementor-field-type-textarea elementor-field-group elementor-column elementor-field-group-field_9e8fb4a elementor-col-100 elementor-field-required\">\n\t\t\t\t\t\t\t\t\t\t\t\t<label for=\"form-field-field_9e8fb4a\" class=\"elementor-field-label\">\n\t\t\t\t\t\t\t\tSelskapets konkurrenter\t\t\t\t\t\t\t<\/label>\n\t\t\t\t\t\t<textarea class=\"elementor-field-textual elementor-field  elementor-size-sm\" name=\"form_fields[field_9e8fb4a]\" id=\"form-field-field_9e8fb4a\" rows=\"3\" required=\"required\"><\/textarea>\t\t\t\t<\/div>\n\t\t\t\t\t\t\t\t<div class=\"elementor-field-type-textarea elementor-field-group elementor-column elementor-field-group-field_e84d7f7 elementor-col-100 elementor-field-required\">\n\t\t\t\t\t\t\t\t\t\t\t\t<label for=\"form-field-field_e84d7f7\" class=\"elementor-field-label\">\n\t\t\t\t\t\t\t\tSkal navnet st\u00e5 alene eller sammen med en profiltekst?\t\t\t\t\t\t\t<\/label>\n\t\t\t\t\t\t<textarea class=\"elementor-field-textual elementor-field  elementor-size-sm\" name=\"form_fields[field_e84d7f7]\" id=\"form-field-field_e84d7f7\" rows=\"2\" required=\"required\"><\/textarea>\t\t\t\t<\/div>\n\t\t\t\t\t\t\t\t<div class=\"elementor-field-type-checkbox elementor-field-group elementor-column elementor-field-group-field_2881f3b elementor-col-100\">\n\t\t\t\t\t\t\t\t\t\t\t\t<label for=\"form-field-field_2881f3b\" class=\"elementor-field-label\">\n\t\t\t\t\t\t\t\tHvilket spr\u00e5k \u00f8nsker du for navnet ditt?\t\t\t\t\t\t\t<\/label>\n\t\t\t\t\t\t<div class=\"elementor-field-subgroup  elementor-subgroup-inline\"><span class=\"elementor-field-option\"><input type=\"checkbox\" value=\"Norsk\" id=\"form-field-field_2881f3b-0\" name=\"form_fields[field_2881f3b][]\"> <label for=\"form-field-field_2881f3b-0\">Norsk<\/label><\/span><span class=\"elementor-field-option\"><input type=\"checkbox\" value=\"Engelsk\" id=\"form-field-field_2881f3b-1\" name=\"form_fields[field_2881f3b][]\"> <label for=\"form-field-field_2881f3b-1\">Engelsk<\/label><\/span><span class=\"elementor-field-option\"><input type=\"checkbox\" value=\"Andre\" id=\"form-field-field_2881f3b-2\" name=\"form_fields[field_2881f3b][]\"> <label for=\"form-field-field_2881f3b-2\">Andre<\/label><\/span><\/div>\t\t\t\t<\/div>\n\t\t\t\t\t\t\t\t<div class=\"elementor-field-type-textarea elementor-field-group elementor-column elementor-field-group-field_6d9f384 elementor-col-100 elementor-field-required\">\n\t\t\t\t\t\t\t\t\t\t\t\t<label for=\"form-field-field_6d9f384\" class=\"elementor-field-label\">\n\t\t\t\t\t\t\t\tAndre spr\u00e5k\t\t\t\t\t\t\t<\/label>\n\t\t\t\t\t\t<textarea class=\"elementor-field-textual elementor-field  elementor-size-sm\" name=\"form_fields[field_6d9f384]\" id=\"form-field-field_6d9f384\" rows=\"2\" required=\"required\"><\/textarea>\t\t\t\t<\/div>\n\t\t\t\t\t\t\t\t<div class=\"elementor-field-type-checkbox elementor-field-group elementor-column elementor-field-group-field_9eaf1fb elementor-col-100\">\n\t\t\t\t\t\t\t\t\t\t\t\t<label for=\"form-field-field_9eaf1fb\" class=\"elementor-field-label\">\n\t\t\t\t\t\t\t\tI hvilken del av verden skal navnet benyttes?\t\t\t\t\t\t\t<\/label>\n\t\t\t\t\t\t<div class=\"elementor-field-subgroup  elementor-subgroup-inline\"><span class=\"elementor-field-option\"><input type=\"checkbox\" value=\"Norge\" id=\"form-field-field_9eaf1fb-0\" name=\"form_fields[field_9eaf1fb][]\"> <label for=\"form-field-field_9eaf1fb-0\">Norge<\/label><\/span><span class=\"elementor-field-option\"><input type=\"checkbox\" value=\"Norden\" id=\"form-field-field_9eaf1fb-1\" name=\"form_fields[field_9eaf1fb][]\"> <label for=\"form-field-field_9eaf1fb-1\">Norden<\/label><\/span><span class=\"elementor-field-option\"><input type=\"checkbox\" value=\"Europa\" id=\"form-field-field_9eaf1fb-2\" name=\"form_fields[field_9eaf1fb][]\"> <label for=\"form-field-field_9eaf1fb-2\">Europa<\/label><\/span><span class=\"elementor-field-option\"><input type=\"checkbox\" value=\"Amerika\" id=\"form-field-field_9eaf1fb-3\" name=\"form_fields[field_9eaf1fb][]\"> <label for=\"form-field-field_9eaf1fb-3\">Amerika<\/label><\/span><span class=\"elementor-field-option\"><input type=\"checkbox\" value=\"Andre\" id=\"form-field-field_9eaf1fb-4\" name=\"form_fields[field_9eaf1fb][]\"> <label for=\"form-field-field_9eaf1fb-4\">Andre<\/label><\/span><\/div>\t\t\t\t<\/div>\n\t\t\t\t\t\t\t\t<div class=\"elementor-field-type-textarea elementor-field-group elementor-column elementor-field-group-field_780dda4 elementor-col-100 elementor-field-required\">\n\t\t\t\t\t\t\t\t\t\t\t\t<label for=\"form-field-field_780dda4\" class=\"elementor-field-label\">\n\t\t\t\t\t\t\t\tHar du andre preferanser n\u00e5r det gjelder navnet? (Kun ett ord? Flere ord i navnet? Kan navnet v\u00e6re et konstruert navn eller et fantasiord? En spesiell bokstav du \u00f8nsker at navnet skal begynne p\u00e5? Andre \u00f8nsker?)\t\t\t\t\t\t\t<\/label>\n\t\t\t\t\t\t<textarea class=\"elementor-field-textual elementor-field  elementor-size-sm\" name=\"form_fields[field_780dda4]\" id=\"form-field-field_780dda4\" rows=\"2\" required=\"required\"><\/textarea>\t\t\t\t<\/div>\n\t\t\t\t\t\t\t\t<div class=\"elementor-field-type-radio elementor-field-group elementor-column elementor-field-group-field_9098cd6 elementor-col-100 elementor-field-required\">\n\t\t\t\t\t\t\t\t\t\t\t\t<label for=\"form-field-field_9098cd6\" class=\"elementor-field-label\">\n\t\t\t\t\t\t\t\t\u00d8nsker du at navnet skal registreres i varemerkeregistrene i samtlige land?\t\t\t\t\t\t\t<\/label>\n\t\t\t\t\t\t<div class=\"elementor-field-subgroup  elementor-subgroup-inline\"><span class=\"elementor-field-option\"><input type=\"radio\" value=\"Ja\" id=\"form-field-field_9098cd6-0\" name=\"form_fields[field_9098cd6]\" required=\"required\"> <label for=\"form-field-field_9098cd6-0\">Ja<\/label><\/span><span class=\"elementor-field-option\"><input type=\"radio\" value=\"Nei\" id=\"form-field-field_9098cd6-1\" name=\"form_fields[field_9098cd6]\" required=\"required\"> <label for=\"form-field-field_9098cd6-1\">Nei<\/label><\/span><\/div>\t\t\t\t<\/div>\n\t\t\t\t\t\t\t\t<div class=\"elementor-field-type-textarea elementor-field-group elementor-column elementor-field-group-field_7190c08 elementor-col-100 elementor-field-required\">\n\t\t\t\t\t\t\t\t\t\t\t\t<label for=\"form-field-field_7190c08\" class=\"elementor-field-label\">\n\t\t\t\t\t\t\t\tDet finnes 45 ulike varemerkeklasser for registrering av et varemerke. Vet du hvilke varemerkeklasser som er relevante for ditt produkt\/konsept\/selskap? Vet du ikke, kan du overlate saken til NameAbrand ved informere oss om dette i feltet under.\t\t\t\t\t\t\t<\/label>\n\t\t\t\t\t\t<textarea class=\"elementor-field-textual elementor-field  elementor-size-sm\" name=\"form_fields[field_7190c08]\" id=\"form-field-field_7190c08\" rows=\"3\" required=\"required\"><\/textarea>\t\t\t\t<\/div>\n\t\t\t\t\t\t\t\t<div class=\"elementor-field-type-checkbox elementor-field-group elementor-column elementor-field-group-field_e546af7 elementor-col-100\">\n\t\t\t\t\t\t\t\t\t\t\t\t<label for=\"form-field-field_e546af7\" class=\"elementor-field-label\">\n\t\t\t\t\t\t\t\tHvilke domene er viktig for deg?\t\t\t\t\t\t\t<\/label>\n\t\t\t\t\t\t<div class=\"elementor-field-subgroup  elementor-subgroup-inline\"><span class=\"elementor-field-option\"><input type=\"checkbox\" value=\".no\" id=\"form-field-field_e546af7-0\" name=\"form_fields[field_e546af7][]\"> <label for=\"form-field-field_e546af7-0\">.no<\/label><\/span><span class=\"elementor-field-option\"><input type=\"checkbox\" value=\".com\" id=\"form-field-field_e546af7-1\" name=\"form_fields[field_e546af7][]\"> <label for=\"form-field-field_e546af7-1\">.com<\/label><\/span><span class=\"elementor-field-option\"><input type=\"checkbox\" value=\".net\" id=\"form-field-field_e546af7-2\" name=\"form_fields[field_e546af7][]\"> <label for=\"form-field-field_e546af7-2\">.net<\/label><\/span><span class=\"elementor-field-option\"><input type=\"checkbox\" value=\"Andre\" id=\"form-field-field_e546af7-3\" name=\"form_fields[field_e546af7][]\"> <label for=\"form-field-field_e546af7-3\">Andre<\/label><\/span><\/div>\t\t\t\t<\/div>\n\t\t\t\t\t\t\t\t<div class=\"elementor-field-type-textarea elementor-field-group elementor-column elementor-field-group-field_f24fd0f elementor-col-100 elementor-field-required\">\n\t\t\t\t\t\t\t\t\t\t\t\t<label for=\"form-field-field_f24fd0f\" class=\"elementor-field-label\">\n\t\t\t\t\t\t\t\tAndre domener\t\t\t\t\t\t\t<\/label>\n\t\t\t\t\t\t<textarea class=\"elementor-field-textual elementor-field  elementor-size-sm\" name=\"form_fields[field_f24fd0f]\" id=\"form-field-field_f24fd0f\" rows=\"2\" required=\"required\"><\/textarea>\t\t\t\t<\/div>\n\t\t\t\t\t\t\t\t<div class=\"elementor-field-type-radio elementor-field-group elementor-column elementor-field-group-field_1c15ada elementor-col-100 elementor-field-required\">\n\t\t\t\t\t\t\t\t\t\t\t\t<label for=\"form-field-field_1c15ada\" class=\"elementor-field-label\">\n\t\t\t\t\t\t\t\t\u00d8nsker du at ditt navn skal registreres som\t\t\t\t\t\t\t<\/label>\n\t\t\t\t\t\t<div class=\"elementor-field-subgroup  elementor-subgroup-inline\"><span class=\"elementor-field-option\"><input type=\"radio\" value=\"Ordmerke\" id=\"form-field-field_1c15ada-0\" name=\"form_fields[field_1c15ada]\" required=\"required\"> <label for=\"form-field-field_1c15ada-0\">Ordmerke<\/label><\/span><span class=\"elementor-field-option\"><input type=\"radio\" value=\"Figurmerke\" id=\"form-field-field_1c15ada-1\" name=\"form_fields[field_1c15ada]\" required=\"required\"> <label for=\"form-field-field_1c15ada-1\">Figurmerke<\/label><\/span><span class=\"elementor-field-option\"><input type=\"radio\" value=\"Begge deler\" id=\"form-field-field_1c15ada-2\" name=\"form_fields[field_1c15ada]\" required=\"required\"> <label for=\"form-field-field_1c15ada-2\">Begge deler<\/label><\/span><span class=\"elementor-field-option\"><input type=\"radio\" value=\"Ingen av delene\" id=\"form-field-field_1c15ada-3\" name=\"form_fields[field_1c15ada]\" required=\"required\"> <label for=\"form-field-field_1c15ada-3\">Ingen av delene<\/label><\/span><\/div>\t\t\t\t<\/div>\n\t\t\t\t\t\t\t\t<div class=\"elementor-field-type-checkbox elementor-field-group elementor-column elementor-field-group-field_711f4aa elementor-col-100\">\n\t\t\t\t\t\t\t\t\t\t\t\t<label for=\"form-field-field_711f4aa\" class=\"elementor-field-label\">\n\t\t\t\t\t\t\t\t\u00d8nsker du hjelp til eventuell\t\t\t\t\t\t\t<\/label>\n\t\t\t\t\t\t<div class=\"elementor-field-subgroup  elementor-subgroup-inline\"><span class=\"elementor-field-option\"><input type=\"checkbox\" value=\"Likhetskontroll\" id=\"form-field-field_711f4aa-0\" name=\"form_fields[field_711f4aa][]\"> <label for=\"form-field-field_711f4aa-0\">Likhetskontroll<\/label><\/span><span class=\"elementor-field-option\"><input type=\"checkbox\" value=\"S\u00f8knad om registrering\" id=\"form-field-field_711f4aa-1\" name=\"form_fields[field_711f4aa][]\"> <label for=\"form-field-field_711f4aa-1\">S\u00f8knad om registrering<\/label><\/span><span class=\"elementor-field-option\"><input type=\"checkbox\" value=\"Registrering av domene\" id=\"form-field-field_711f4aa-2\" name=\"form_fields[field_711f4aa][]\"> <label for=\"form-field-field_711f4aa-2\">Registrering av domene<\/label><\/span><span class=\"elementor-field-option\"><input type=\"checkbox\" value=\"Ingen av delene\" id=\"form-field-field_711f4aa-3\" name=\"form_fields[field_711f4aa][]\"> <label for=\"form-field-field_711f4aa-3\">Ingen av delene<\/label><\/span><\/div>\t\t\t\t<\/div>\n\t\t\t\t\t\t\t\t<div class=\"elementor-field-type-checkbox elementor-field-group elementor-column elementor-field-group-field_98da42b elementor-col-100\">\n\t\t\t\t\t\t\t\t\t\t\t\t<label for=\"form-field-field_98da42b\" class=\"elementor-field-label\">\n\t\t\t\t\t\t\t\t\u00d8nsker du tilbud p\u00e5 utvikling av logo eller webdesign?\t\t\t\t\t\t\t<\/label>\n\t\t\t\t\t\t<div class=\"elementor-field-subgroup  elementor-subgroup-inline\"><span class=\"elementor-field-option\"><input type=\"checkbox\" value=\"Logo\" id=\"form-field-field_98da42b-0\" name=\"form_fields[field_98da42b][]\"> <label for=\"form-field-field_98da42b-0\">Logo<\/label><\/span><span class=\"elementor-field-option\"><input type=\"checkbox\" value=\"Webdesign\" id=\"form-field-field_98da42b-1\" name=\"form_fields[field_98da42b][]\"> <label for=\"form-field-field_98da42b-1\">Webdesign<\/label><\/span><span class=\"elementor-field-option\"><input type=\"checkbox\" value=\"Ingen av delene\" id=\"form-field-field_98da42b-2\" name=\"form_fields[field_98da42b][]\"> <label for=\"form-field-field_98da42b-2\">Ingen av delene<\/label><\/span><\/div>\t\t\t\t<\/div>\n\t\t\t\t\t\t\t\t<div class=\"elementor-field-type-radio elementor-field-group elementor-column elementor-field-group-field_beea16f elementor-col-100 elementor-field-required\">\n\t\t\t\t\t\t\t\t\t\t\t\t<label for=\"form-field-field_beea16f\" class=\"elementor-field-label\">\n\t\t\t\t\t\t\t\tSist men ikke minst, hvordan fikk du kjennskap til NameAbrand?\t\t\t\t\t\t\t<\/label>\n\t\t\t\t\t\t<div class=\"elementor-field-subgroup  elementor-subgroup-inline\"><span class=\"elementor-field-option\"><input type=\"radio\" value=\"Gjennom media\" id=\"form-field-field_beea16f-0\" name=\"form_fields[field_beea16f]\" required=\"required\"> <label for=\"form-field-field_beea16f-0\">Gjennom media<\/label><\/span><span class=\"elementor-field-option\"><input type=\"radio\" value=\"Gjennom venner\/kjente\" id=\"form-field-field_beea16f-1\" name=\"form_fields[field_beea16f]\" required=\"required\"> <label for=\"form-field-field_beea16f-1\">Gjennom venner\/kjente<\/label><\/span><span class=\"elementor-field-option\"><input type=\"radio\" value=\"Andre\" id=\"form-field-field_beea16f-2\" name=\"form_fields[field_beea16f]\" required=\"required\"> <label for=\"form-field-field_beea16f-2\">Andre<\/label><\/span><\/div>\t\t\t\t<\/div>\n\t\t\t\t\t\t\t\t<div class=\"elementor-field-type-textarea elementor-field-group elementor-column elementor-field-group-field_aa970af elementor-col-100 elementor-field-required\">\n\t\t\t\t\t\t\t\t\t\t\t\t<label for=\"form-field-field_aa970af\" class=\"elementor-field-label\">\n\t\t\t\t\t\t\t\tAndre kilder\t\t\t\t\t\t\t<\/label>\n\t\t\t\t\t\t<textarea class=\"elementor-field-textual elementor-field  elementor-size-sm\" name=\"form_fields[field_aa970af]\" id=\"form-field-field_aa970af\" rows=\"2\" required=\"required\"><\/textarea>\t\t\t\t<\/div>\n\t\t\t\t\t\t\t\t<div class=\"elementor-field-group elementor-column elementor-field-type-submit elementor-col-33 e-form__buttons\">\n\t\t\t\t\t<button class=\"elementor-button elementor-size-sm\" type=\"submit\">\n\t\t\t\t\t\t<span class=\"elementor-button-content-wrapper\">\n\t\t\t\t\t\t\t\t\t\t\t\t\t\t\t\t\t\t\t\t\t\t<span class=\"elementor-button-text\">Send foresp\u00f8rsel<\/span>\n\t\t\t\t\t\t\t\t\t\t\t\t\t<\/span>\n\t\t\t\t\t<\/button>\n\t\t\t\t<\/div>\n\t\t\t<\/div>\n\t\t<\/form>\n\t\t\t\t\t\t<\/div>\n\t\t\t\t<\/div>\n\t\t\t\t\t<\/div>\n\t\t\t\t<\/div>\n\t\t\t\t\t<\/div>\n\t\t\t\t<\/div>\n\t\t\t\t<\/div>\n\t\t","protected":false},"excerpt":{"rendered":"<p>\u00d8nsker du forslag til gode, registrerbare navn, kan du starte med \u00e5 legge inn din navnbrief hos oss. I l\u00f8pet av kort tid vil du f\u00e5 et pristilbud. Er tilbudet akseptabelt, kan navnutviklingen starte umiddelbart. Navnforslagene f\u00e5r du presentert slik du \u00f8nsker, personlig eller p\u00e5 nettet. Utvikling av nasjonale navn tar to til tre uker, [&hellip;]<\/p>\n","protected":false},"author":1,"featured_media":0,"parent":0,"menu_order":0,"comment_status":"closed","ping_status":"closed","template":"elementor_header_footer","meta":{"footnotes":""},"class_list":["post-256","page","type-page","status-publish","hentry"],"_links":{"self":[{"href":"https:\/\/nameabrand.no\/en\/wp-json\/wp\/v2\/pages\/256","targetHints":{"allow":["GET"]}}],"collection":[{"href":"https:\/\/nameabrand.no\/en\/wp-json\/wp\/v2\/pages"}],"about":[{"href":"https:\/\/nameabrand.no\/en\/wp-json\/wp\/v2\/types\/page"}],"author":[{"embeddable":true,"href":"https:\/\/nameabrand.no\/en\/wp-json\/wp\/v2\/users\/1"}],"replies":[{"embeddable":true,"href":"https:\/\/nameabrand.no\/en\/wp-json\/wp\/v2\/comments?post=256"}],"version-history":[{"count":94,"href":"https:\/\/nameabrand.no\/en\/wp-json\/wp\/v2\/pages\/256\/revisions"}],"predecessor-version":[{"id":3042,"href":"https:\/\/nameabrand.no\/en\/wp-json\/wp\/v2\/pages\/256\/revisions\/3042"}],"wp:attachment":[{"href":"https:\/\/nameabrand.no\/en\/wp-json\/wp\/v2\/media?parent=256"}],"curies":[{"name":"wp","href":"https:\/\/api.w.org\/{rel}","templated":true}]}}