{"id":112,"date":"2026-04-01T13:24:09","date_gmt":"2026-04-01T13:24:09","guid":{"rendered":"https:\/\/nameabrand.no\/?page_id=112"},"modified":"2026-04-13T07:41:12","modified_gmt":"2026-04-13T07:41:12","slug":"kjop-ditt-domene","status":"publish","type":"page","link":"https:\/\/nameabrand.no\/en\/kjop-ditt-domene\/","title":{"rendered":"Buy domain"},"content":{"rendered":"\t\t<div data-elementor-type=\"wp-page\" data-elementor-id=\"112\" class=\"elementor elementor-112\" data-elementor-post-type=\"page\">\n\t\t\t\t<div class=\"elementor-element elementor-element-a6ff3fc e-con-full e-flex e-con e-parent\" data-id=\"a6ff3fc\" data-element_type=\"container\" data-e-type=\"container\" data-settings=\"{&quot;background_background&quot;:&quot;classic&quot;}\">\n\t\t\t\t<div class=\"elementor-element elementor-element-d22054b elementor-widget__width-initial elementor-widget elementor-widget-theme-post-title elementor-page-title elementor-widget-heading\" data-id=\"d22054b\" data-element_type=\"widget\" data-e-type=\"widget\" data-widget_type=\"theme-post-title.default\">\n\t\t\t\t\t<h1 class=\"elementor-heading-title elementor-size-default\">Kj\u00f8p domene<\/h1>\t\t\t\t<\/div>\n\t\t\t\t<\/div>\n\t\t<div class=\"elementor-element elementor-element-8d4dfc3 e-flex e-con-boxed e-con e-parent\" data-id=\"8d4dfc3\" data-element_type=\"container\" data-e-type=\"container\" data-settings=\"{&quot;background_background&quot;:&quot;classic&quot;}\">\n\t\t\t\t\t<div class=\"e-con-inner\">\n\t\t<div class=\"elementor-element elementor-element-6598734 e-con-full e-flex e-con e-child\" data-id=\"6598734\" data-element_type=\"container\" data-e-type=\"container\">\n\t\t\t\t<div class=\"elementor-element elementor-element-64a5616 elementor-widget elementor-widget-heading\" data-id=\"64a5616\" data-element_type=\"widget\" data-e-type=\"widget\" data-widget_type=\"heading.default\">\n\t\t\t\t\t<h2 class=\"elementor-heading-title elementor-size-default\">Kj\u00f8p \u00f8nsket domene hos oss!<\/h2>\t\t\t\t<\/div>\n\t\t\t\t<div class=\"elementor-element elementor-element-d53157b elementor-widget__width-initial elementor-widget-mobile__width-initial elementor-align-center elementor-widget elementor-widget-button\" data-id=\"d53157b\" data-element_type=\"widget\" data-e-type=\"widget\" data-widget_type=\"button.default\">\n\t\t\t\t\t\t\t\t\t\t<a class=\"elementor-button elementor-button-link elementor-size-sm\" href=\"https:\/\/nameabrand.no\/kjop-ditt-domene\/#domener\">\n\t\t\t\t\t\t<span class=\"elementor-button-content-wrapper\">\n\t\t\t\t\t\t<span class=\"elementor-button-icon\">\n\t\t\t\t<svg aria-hidden=\"true\" class=\"e-font-icon-svg e-fas-location-arrow\" viewBox=\"0 0 512 512\" xmlns=\"http:\/\/www.w3.org\/2000\/svg\"><path d=\"M444.52 3.52L28.74 195.42c-47.97 22.39-31.98 92.75 19.19 92.75h175.91v175.91c0 51.17 70.36 67.17 92.75 19.19l191.9-415.78c15.99-38.39-25.59-79.97-63.97-63.97z\"><\/path><\/svg>\t\t\t<\/span>\n\t\t\t\t\t\t\t\t\t<span class=\"elementor-button-text\">Klikk her for \u00e5 se listen<\/span>\n\t\t\t\t\t<\/span>\n\t\t\t\t\t<\/a>\n\t\t\t\t\t\t\t\t<\/div>\n\t\t\t\t<div class=\"elementor-element elementor-element-b52dc7e elementor-widget__width-initial elementor-widget-mobile__width-initial elementor-align-center elementor-widget elementor-widget-button\" data-id=\"b52dc7e\" data-element_type=\"widget\" data-e-type=\"widget\" data-widget_type=\"button.default\">\n\t\t\t\t\t\t\t\t\t\t<a class=\"elementor-button elementor-button-link elementor-size-sm\" href=\"https:\/\/nameabrand.no\/kjop-ditt-domene\/#bestilling\">\n\t\t\t\t\t\t<span class=\"elementor-button-content-wrapper\">\n\t\t\t\t\t\t<span class=\"elementor-button-icon\">\n\t\t\t\t<svg aria-hidden=\"true\" class=\"e-font-icon-svg e-fas-location-arrow\" viewBox=\"0 0 512 512\" xmlns=\"http:\/\/www.w3.org\/2000\/svg\"><path d=\"M444.52 3.52L28.74 195.42c-47.97 22.39-31.98 92.75 19.19 92.75h175.91v175.91c0 51.17 70.36 67.17 92.75 19.19l191.9-415.78c15.99-38.39-25.59-79.97-63.97-63.97z\"><\/path><\/svg>\t\t\t<\/span>\n\t\t\t\t\t\t\t\t\t<span class=\"elementor-button-text\">Klikk her for \u00e5 bestille domene<\/span>\n\t\t\t\t\t<\/span>\n\t\t\t\t\t<\/a>\n\t\t\t\t\t\t\t\t<\/div>\n\t\t\t\t<div class=\"elementor-element elementor-element-995a7f8 elementor-widget elementor-widget-text-editor\" data-id=\"995a7f8\" data-element_type=\"widget\" data-e-type=\"widget\" data-widget_type=\"text-editor.default\">\n\t\t\t\t\t\t\t\t\t<p>NameAbrand er leverand\u00f8r av sterke og gode domener.<\/p><p>Finn ditt perfekte domene i dag!<\/p><p>Vi har en stor og variert portef\u00f8lje av domener som dekker et bredt spekter av bransjer og behov. Uansett om du er p\u00e5 utkikk etter et domene for en ny oppstart, en etablert bedrift, et produkt eller et personlig prosjekt, kan vi tilby deg et domene som passer.<\/p><p>Finn \u00f8nsket domene under, &#8211; og be om et pristilbud!<\/p>\t\t\t\t\t\t\t\t<\/div>\n\t\t\t\t<div class=\"elementor-element elementor-element-7303646 elementor-widget elementor-widget-menu-anchor\" data-id=\"7303646\" data-element_type=\"widget\" data-e-type=\"widget\" data-widget_type=\"menu-anchor.default\">\n\t\t\t\t\t\t\t<div class=\"elementor-menu-anchor\" id=\"bestilling\"><\/div>\n\t\t\t\t\t\t<\/div>\n\t\t\t\t<\/div>\n\t\t\t\t\t<\/div>\n\t\t\t\t<\/div>\n\t\t<div class=\"elementor-element elementor-element-12fe8db e-flex e-con-boxed e-con e-parent\" data-id=\"12fe8db\" data-element_type=\"container\" data-e-type=\"container\" data-settings=\"{&quot;background_background&quot;:&quot;classic&quot;}\">\n\t\t\t\t\t<div class=\"e-con-inner\">\n\t\t<div class=\"elementor-element elementor-element-3edbe64 e-flex e-con-boxed e-con e-child\" data-id=\"3edbe64\" data-element_type=\"container\" data-e-type=\"container\">\n\t\t\t\t\t<div class=\"e-con-inner\">\n\t\t<div class=\"elementor-element elementor-element-bba51ae e-con-full e-flex e-con e-child\" data-id=\"bba51ae\" data-element_type=\"container\" data-e-type=\"container\">\n\t\t\t\t<div class=\"elementor-element elementor-element-f74db49 elementor-widget elementor-widget-heading\" data-id=\"f74db49\" data-element_type=\"widget\" data-e-type=\"widget\" data-widget_type=\"heading.default\">\n\t\t\t\t\t<h2 class=\"elementor-heading-title elementor-size-default\">Bestillingsskjema domene<\/h2>\t\t\t\t<\/div>\n\t\t\t\t<div class=\"elementor-element elementor-element-7db5564 elementor-button-align-stretch elementor-widget elementor-widget-form\" data-id=\"7db5564\" data-element_type=\"widget\" data-e-type=\"widget\" data-settings=\"{&quot;step_next_label&quot;:&quot;Next&quot;,&quot;step_previous_label&quot;:&quot;Previous&quot;,&quot;button_width&quot;:&quot;33&quot;,&quot;step_type&quot;:&quot;number_text&quot;,&quot;step_icon_shape&quot;:&quot;circle&quot;}\" data-widget_type=\"form.default\">\n\t\t\t\t\t<template id=\"cfef_logic_data_7db5564\" class=\"cfef_logic_data_js\" data-form-id=\"7db5564\">{&quot;field_f24fd0f&quot;:{&quot;display_mode&quot;:&quot;show&quot;,&quot;fire_action&quot;:&quot;All&quot;,&quot;file_types&quot;:&quot;png&quot;,&quot;logic_data&quot;:[{&quot;cfef_logic_field_id&quot;:&quot;field_e546af7&quot;,&quot;cfef_logic_field_is&quot;:&quot;==&quot;,&quot;cfef_logic_compare_value&quot;:&quot;Andre&quot;,&quot;_id&quot;:&quot;1b3872a&quot;}]}}<\/template>\t\t<form class=\"elementor-form\" method=\"post\" name=\"New Form\" aria-label=\"New Form\">\n\t\t\t<input type=\"hidden\" name=\"post_id\" value=\"112\"\/>\n\t\t\t<input type=\"hidden\" name=\"form_id\" value=\"7db5564\"\/>\n\t\t\t<input type=\"hidden\" name=\"referer_title\" value=\"Kj\u00f8p domene\" \/>\n\n\t\t\t\t\t\t\t<input type=\"hidden\" name=\"queried_id\" value=\"112\"\/>\n\t\t\t\n\t\t\t<div class=\"elementor-form-fields-wrapper elementor-labels-above\">\n\t\t\t\t\t\t\t\t<div class=\"elementor-field-type-text elementor-field-group elementor-column elementor-field-group-name elementor-col-50 elementor-field-required\">\n\t\t\t\t\t\t\t\t\t\t\t\t<label for=\"form-field-name\" class=\"elementor-field-label\">\n\t\t\t\t\t\t\t\tNavn *\t\t\t\t\t\t\t<\/label>\n\t\t\t\t\t\t\t\t\t\t\t\t\t\t<input size=\"1\" type=\"text\" name=\"form_fields[name]\" id=\"form-field-name\" class=\"elementor-field elementor-size-sm  elementor-field-textual\" required=\"required\">\n\t\t\t\t\t\t\t\t\t\t\t<\/div>\n\t\t\t\t\t\t\t\t<div class=\"elementor-field-type-text elementor-field-group elementor-column elementor-field-group-email elementor-col-50 elementor-field-required\">\n\t\t\t\t\t\t\t\t\t\t\t\t<label for=\"form-field-email\" class=\"elementor-field-label\">\n\t\t\t\t\t\t\t\tBedriftsnavn *\t\t\t\t\t\t\t<\/label>\n\t\t\t\t\t\t\t\t\t\t\t\t\t\t<input size=\"1\" type=\"text\" name=\"form_fields[email]\" id=\"form-field-email\" class=\"elementor-field elementor-size-sm  elementor-field-textual\" required=\"required\">\n\t\t\t\t\t\t\t\t\t\t\t<\/div>\n\t\t\t\t\t\t\t\t<div class=\"elementor-field-type-number elementor-field-group elementor-column elementor-field-group-message elementor-col-50 elementor-field-required\">\n\t\t\t\t\t\t\t\t\t\t\t\t<label for=\"form-field-message\" class=\"elementor-field-label\">\n\t\t\t\t\t\t\t\tTelefon *\t\t\t\t\t\t\t<\/label>\n\t\t\t\t\t\t\t\t\t<input type=\"number\" name=\"form_fields[message]\" id=\"form-field-message\" class=\"elementor-field elementor-size-sm  elementor-field-textual\" required=\"required\" min=\"\" max=\"\" >\n\t\t\t\t\t\t<\/div>\n\t\t\t\t\t\t\t\t<div class=\"elementor-field-type-email elementor-field-group elementor-column elementor-field-group-field_78463e0 elementor-col-50 elementor-field-required\">\n\t\t\t\t\t\t\t\t\t\t\t\t<label for=\"form-field-field_78463e0\" class=\"elementor-field-label\">\n\t\t\t\t\t\t\t\t E-post *\t\t\t\t\t\t\t<\/label>\n\t\t\t\t\t\t\t\t\t\t\t\t\t\t<input size=\"1\" type=\"email\" name=\"form_fields[field_78463e0]\" id=\"form-field-field_78463e0\" class=\"elementor-field elementor-size-sm  elementor-field-textual\" required=\"required\">\n\t\t\t\t\t\t\t\t\t\t\t<\/div>\n\t\t\t\t\t\t\t\t<div class=\"elementor-field-type-textarea elementor-field-group elementor-column elementor-field-group-field_f24fd0f elementor-col-100 elementor-field-required\">\n\t\t\t\t\t\t\t\t\t\t\t\t<label for=\"form-field-field_f24fd0f\" class=\"elementor-field-label\">\n\t\t\t\t\t\t\t\t\u00d8nsket domene\t\t\t\t\t\t\t<\/label>\n\t\t\t\t\t\t<textarea class=\"elementor-field-textual elementor-field  elementor-size-sm\" name=\"form_fields[field_f24fd0f]\" id=\"form-field-field_f24fd0f\" rows=\"2\" required=\"required\"><\/textarea>\t\t\t\t<\/div>\n\t\t\t\t\t\t\t\t<div class=\"elementor-field-group elementor-column elementor-field-type-submit elementor-col-33 e-form__buttons\">\n\t\t\t\t\t<button class=\"elementor-button elementor-size-sm\" type=\"submit\">\n\t\t\t\t\t\t<span class=\"elementor-button-content-wrapper\">\n\t\t\t\t\t\t\t\t\t\t\t\t\t\t\t\t\t\t\t\t\t\t<span class=\"elementor-button-text\">Send foresp\u00f8rsel<\/span>\n\t\t\t\t\t\t\t\t\t\t\t\t\t<\/span>\n\t\t\t\t\t<\/button>\n\t\t\t\t<\/div>\n\t\t\t<\/div>\n\t\t<\/form>\n\t\t\t\t\t\t<\/div>\n\t\t\t\t<div class=\"elementor-element elementor-element-84a4dfe elementor-widget elementor-widget-menu-anchor\" data-id=\"84a4dfe\" data-element_type=\"widget\" data-e-type=\"widget\" data-widget_type=\"menu-anchor.default\">\n\t\t\t\t\t\t\t<div class=\"elementor-menu-anchor\" id=\"domener\"><\/div>\n\t\t\t\t\t\t<\/div>\n\t\t\t\t<\/div>\n\t\t\t\t\t<\/div>\n\t\t\t\t<\/div>\n\t\t\t\t\t<\/div>\n\t\t\t\t<\/div>\n\t\t<div class=\"elementor-element elementor-element-49c9a83 e-flex e-con-boxed e-con e-parent\" data-id=\"49c9a83\" data-element_type=\"container\" data-e-type=\"container\" data-settings=\"{&quot;background_background&quot;:&quot;classic&quot;}\">\n\t\t\t\t\t<div class=\"e-con-inner\">\n\t\t<div class=\"elementor-element elementor-element-8ea907e e-con-full e-flex e-con e-child\" data-id=\"8ea907e\" data-element_type=\"container\" data-e-type=\"container\">\n\t\t\t\t<div class=\"elementor-element elementor-element-bf1d9cb elementor-widget elementor-widget-heading\" data-id=\"bf1d9cb\" data-element_type=\"widget\" data-e-type=\"widget\" data-widget_type=\"heading.default\">\n\t\t\t\t\t<h2 class=\"elementor-heading-title elementor-size-default\">V\u00e5re domener:<\/h2>\t\t\t\t<\/div>\n\t\t\t\t<div class=\"elementor-element elementor-element-41ea25f elementor-widget__width-initial elementor-widget elementor-widget-text-editor\" data-id=\"41ea25f\" data-element_type=\"widget\" data-e-type=\"widget\" data-widget_type=\"text-editor.default\">\n\t\t\t\t\t\t\t\t\t<p>actfactory.no<br \/>aduco.no<br \/>advanis.dk<br \/>advanis.no<br \/>advanis.se<br \/>advantia.no<br \/>advantich.com<br \/>advantich.no<br \/>advantich.se<br \/>advantis.no<br \/>advesol.com<br \/>adynel.com<br \/>adynel.net<br \/>adynel.no<br \/>adynel.se<br \/>aligio.no<br \/>aligio.se<br \/>alteco.no<br \/>alucien.com<br \/>alucien.dk<br \/>alucien.fi<br \/>alucien.no<br \/>alucien.se<br \/>amicita.no<br \/>anami.no<br \/>anandi.no<br \/>aniami.no<br \/>anirvana.no<br \/>aprena.no<br \/>aprion.no<br \/>aquilo.no<br \/>ardar.no<br \/>arexio.com<br \/>askogmio.com<br \/>askogmio.no<br \/>askogmio.online<br \/>assistico.com<br \/>attender.no<br \/>attender.se<br \/>attendia.no<br \/>attendia.se<br \/>atways.no<br \/>avervo.com<br \/>axellabank.com<br \/>bedonia.no<br \/>belanza.no<br \/>bizit.no<br \/>bodifi.dk<br \/>boldwell.no<br \/>boldwell.se<br \/>boldwellbank.com<br \/>bonega.no<br \/>brandaname.com<br \/>breezic.eu<br \/>breezic.no<br \/>breezic.se<br \/>breytir.com<br \/>breytir.no<br \/>breytr.com<br \/>breytr.no<br \/>brilasio.com<br \/>brilasio.dk<br \/>brilasio.fi<br \/>brilasio.no<br \/>brilasio.se<br \/>brioso.no<br \/>brixon.dk<br \/>brixon.no<br \/>brixon.se<br \/>brovia.no<br \/>buzzter.no<br \/>byrdar.no<br \/>candoo.dk<br \/>candoo.no<br \/>candoo.se<br \/>candoobank.com<br \/>capance.no<br \/>capinans.com<br \/>capinans.no<br \/>capinord.no<br \/>carida.no<br \/>carida.se<br \/>caseriet.com<br \/>caseriet.no<br \/>caseriet.online<br \/>casualle.no<br \/>cavio.no<br \/>cavio.se<br \/>chaincast.no<br \/>checkzone.no<br \/>checkzone.se<br \/>cheero.no<br \/>cibium.com<br \/>cibium.no<br \/>collars.no<br \/>colorelle.no<br \/>confettive.com<br \/>confettive.no<br \/>confica.no<br \/>consia.no<br \/>constello.dk<br \/>constello.no<br \/>constello.online<br \/>constello.se<br \/>coordimate.no<br \/>coordimate.uk<br \/>coordit.no<br \/>coordymate.com<br \/>coplanet.dk<br \/>coplanet.eu<br \/>coplanet.no<br \/>coplanet.se<br \/>cordeal.no<br \/>cordihub.com<br \/>cordihub.no<br \/>cordimate.co.uk<br \/>cordimate.com<br \/>cordimate.no<br \/>cordimate.uk<br \/>cordymate.no<br \/>cordymate.uk<br \/>cretus.no<br \/>crewster.dk<br \/>crewster.eu<br \/>crewster.no<br \/>crewster.se<br \/>cruiter.dk<br \/>cruiter.no<br \/>currensis.com<br \/>currensis.net<br \/>d-namic.no<br \/>dayrey.com<br \/>dayrey.no<br \/>delisi.no<br \/>designabrand.com<br \/>designabrand.no<br \/>devanti.no<br \/>dignia.no<br \/>divity.no<br \/>dnamic.no<br \/>dneo.no<br \/>dyneo.no<br \/>dyneobank.com<br \/>earnest.no<br \/>ecapa.dk<br \/>ecapa.no<br \/>ecapa.se<br \/>ecodemy.no<br \/>econi.no<br \/>efficio.no<br \/>egansi.com<br \/>egansi.no<br \/>elementos.no<br \/>ellipsor.no<br \/>eltura.dk<br \/>eltura.no<br \/>eltura.se<br \/>emergia.no<br \/>emizo.no<br \/>empatica.no<br \/>empatio.no<br \/>empato.no<br \/>endani.com<br \/>endani.no<br \/>entrusti.com<br \/>entrusti.no<br \/>entusi.no<br \/>eponty.com<br \/>eponty.dk<br \/>eponty.no<br \/>eponty.se<br \/>eventura.no<br \/>eventura.se<br \/>evida.no<br \/>evistas.no<br \/>evistas.se<br \/>evix.dk<br \/>evix.no<br \/>evix.se<br \/>exilli.com<br \/>exilli.dk<br \/>exilli.no<br \/>exilli.se<br \/>extansa.com<br \/>extansa.dk<br \/>extansa.eu<br \/>extansa.net<br \/>extansa.no<br \/>extansa.se<br \/>facehelp.no<br \/>fagna.no<br \/>fagnar.com<br \/>fagnar.no<br \/>fagnar.se<br \/>favita.no<br \/>feliciter.no<br \/>fellas.no<br \/>ferding.no<br \/>ferdr.no<br \/>fidelia.no<br \/>fidiso.com<br \/>fidiso.no<br \/>fidux.dk<br \/>fidux.no<br \/>fidux.se<br \/>firmo.dk<br \/>firmo.no<br \/>firmo.se<br \/>fjeshjelp.com<br \/>fjeshjelp.no<br \/>flexigram.no<br \/>fredensvern.no<br \/>fredsvarden.no<br \/>fromagica.no<br \/>frontus.no<br \/>fundifair.com<br \/>fundifair.no<br \/>fundy.no<br \/>funsible.com<br \/>funsible.no<br \/>gastron.no<br \/>gastron.online<br \/>genica.no<br \/>genika.no<br \/>greenfall.no<br \/>greetme.no<br \/>greetmeet.no<br \/>grender.no<br \/>grender.online<br \/>haikr.no<br \/>happyhi.no<br \/>heavents.no<br \/>hegda.no<br \/>helsion.com<br \/>helsion.no<br \/>hemmat.no<br \/>hibra.no<br \/>hibra.se<br \/>hisont.com<br \/>hisont.dk<br \/>hisont.fi<br \/>hisont.net<br \/>hisont.no<br \/>hisont.se<br \/>hisonti.com<br \/>hisonti.dk<br \/>hisonti.fi<br \/>hisonti.net<br \/>hisonti.no<br \/>hisonti.se<br \/>hisontibank.com<br \/>hizont.com<br \/>hizont.dk<br \/>hizont.fi<br \/>hizont.net<br \/>hizont.no<br \/>hizont.se<br \/>hizonti.com<br \/>hizonti.dk<br \/>hizonti.fi<br \/>hizonti.net<br \/>hizonti.no<br \/>hizonti.se<br \/>hollymood.dk<br \/>hollymood.no<br \/>hollymood.se<br \/>hubzone.no<br \/>icely.no<br \/>illuna.no<br \/>imarac.com<br \/>imarac.eu<br \/>imarac.no<br \/>imarac.se<br \/>impela.no<br \/>impler.no<br \/>incresto.no<br \/>infronto.com<br \/>infronto.no<br \/>innevo.no<br \/>innlandia.com<br \/>innlandia.no<br \/>innlink.no<br \/>innoq.no<br \/>innovio.no<br \/>insalvo.no<br \/>instera.no<br \/>instera.se<br \/>intellos.no<br \/>intenziq.com<br \/>intenziq.dk<br \/>intenziq.no<br \/>intenziq.se<br \/>inwekster.com<br \/>inwekster.no<br \/>inwenter.no<br \/>inwentor.no<br \/>inwexter.com<br \/>inwexter.no<br \/>inwextor.com<br \/>inwextor.no<br \/>ivext.no<br \/>ixchel.no<br \/>joice.no<br \/>joiner.no<br \/>jointer.no<br \/>jouliere.com<br \/>joulion.com<br \/>jubelia.no<br \/>jubelia.se<br \/>jubelus.com<br \/>jubelus.no<br \/>kapans.no<br \/>kernexio.com<br \/>kingcraft.no<br \/>kingcraft.se<br \/>kommon.no<br \/>konsia.no<br \/>konsisti.com<br \/>konsisti.no<br \/>kringar.com<br \/>kringar.no<br \/>kudro.no<br \/>kvibu.com<br \/>kvibu.no<br \/>laboria.dk<br \/>laboria.no<br \/>laboria.se<br \/>lemanja.no<br \/>lentia.no<br \/>likewise.no<br \/>likewize.no<br \/>limino.no<br \/>lingable.com<br \/>linkinn.no<br \/>lioni.no<br \/>lionibank.com<br \/>liyoni.com<br \/>liyoni.net<br \/>liyoni.no<br \/>liyonibank.com<br \/>luminas.no<br \/>lumio.no<br \/>lyndi.no<br \/>lysont.com<br \/>lysont.no<br \/>maanekyss.com<br \/>maanekyss.no<br \/>maksr.no<br \/>mannebein.com<br \/>mannebein.no<br \/>mannogco.com<br \/>manyee.no<br \/>mapme.no<br \/>marawu.com<br \/>marawu.no<br \/>marawu.se<br \/>marcas.no<br \/>marvelex.no<br \/>maxer.no<br \/>meetpoint.no<br \/>melior.no<br \/>mentolink.no<br \/>menty.no<br \/>mestella.com<br \/>mestella.no<br \/>mestellabank.com<br \/>meyr.no<br \/>mimira.no<br \/>minimondi.no<br \/>minoo.no<br \/>minsum.no<br \/>mione.co.uk<br \/>mione.no<br \/>mione.uk<br \/>mirakulus.no<br \/>moasi.no<br \/>mojoe.no<br \/>monciel.no<br \/>montos.no<br \/>moondew.no<br \/>moonkiss.no<br \/>mytale.no<br \/>m\u00e5nekyss.com<br \/>m\u00e5nekyss.no<br \/>nameabrand.biz<br \/>nameabrand.com<br \/>nameabrand.eu<br \/>nameabrand.net<br \/>nameabrand.no<br \/>nastra.dk<br \/>nastra.no<br \/>nastra.online<br \/>nastra.se<br \/>nautivia.com<br \/>nautivia.no<br \/>navnbyr\u00e5.no<br \/>navnutvikling.no<br \/>nectia.no<br \/>nectia.se<br \/>neksus.net<br \/>neksus.no<br \/>neksus.se<br \/>neofall.com<br \/>neofall.no<br \/>neomondi.com<br \/>neomondi.no<br \/>neopro.no<br \/>neosoluta.com<br \/>neosoluta.no<br \/>neotura.no<br \/>neovance.no<br \/>neovate.no<br \/>nescue.com<br \/>nescue.dk<br \/>nescue.eu<br \/>nescue.no<br \/>nescue.se<br \/>nestia.no<br \/>nestia.se<br \/>newture.no<br \/>newture.se<br \/>nizr.co.uk<br \/>nizr.no<br \/>nizr.uk<br \/>noiz.no<br \/>noreka.no<br \/>norgrit.com<br \/>norgrit.no<br \/>norgrit.se<br \/>norneo.com<br \/>norneo.no<br \/>notilabs.com<br \/>notogram.no<br \/>noturia.com<br \/>noturia.dk<br \/>noturia.no<br \/>noturia.se<br \/>novonomics.no<br \/>novopoint.no<br \/>novotrade.no<br \/>omentec.com<br \/>omentec.net<br \/>one2serve.com<br \/>ontelli.com<br \/>ontelli.dk<br \/>ontelli.no<br \/>ontelli.se<br \/>ontenz.com<br \/>ontenz.dk<br \/>optimill.no<br \/>orizio.no<br \/>orizo.no<br \/>osiyo.no<br \/>paletti.no<br \/>palettia.no<br \/>paxhus.no<br \/>paxus.no<br \/>pharoronde.no<br \/>pharus.no<br \/>pioni.dk<br \/>pioni.no<br \/>pioni.se<br \/>planamite.co.uk<br \/>planamite.com<br \/>planamite.no<br \/>planamite.uk<br \/>pontion.dk<br \/>pontion.net<br \/>pontion.no<br \/>pontion.se<br \/>positur.no<br \/>prelingo.com<br \/>progresa.no<br \/>progreso.no<br \/>pronero.no<br \/>prosida.com<br \/>prosida.no<br \/>proviber.no<br \/>proviber.se<br \/>proxon.no<br \/>purnor.com<br \/>purnor.no<br \/>qitrax.com<br \/>qitrax.dk<br \/>qitrax.eu<br \/>qitrax.no<br \/>qitrax.se<br \/>qualico.dk<br \/>qualico.no<br \/>qualico.online<br \/>qualico.se<br \/>reczone.dk<br \/>reczone.eu<br \/>reczone.no<br \/>reczone.se<br \/>relamar.com<br \/>relamar.no<br \/>relieco.com<br \/>relieco.no<br \/>relieco.se<br \/>relieko.com<br \/>relieko.dk<br \/>relieko.no<br \/>relieko.se<br \/>rexity.dk<br \/>rexity.no<br \/>rexity.online<br \/>rexity.se<br \/>rufhus.com<br \/>rufhus.dk<br \/>rufhus.no<br \/>rufhus.se<br \/>rundr.no<br \/>ruphus.dk<br \/>ruphus.no<br \/>ruphus.se<br \/>rymlig.com<br \/>rymlig.no<br \/>sannferd.com<br \/>sannferd.no<br \/>sannferd.se<br \/>saveme.no<br \/>scetch.no<br \/>sciadon.com<br \/>sciadon.se<br \/>sciadox.com<br \/>sciadox.no<br \/>sciadox.se<br \/>seabelius.com<br \/>seabelius.no<br \/>seamiko.com<br \/>seamiko.no<br \/>seamit.no<br \/>seamit.se<br \/>searius.com<br \/>searius.no<br \/>securia.no<br \/>selacto.no<br \/>selakto.com<br \/>selakto.no<br \/>selenso.no<br \/>sellers.no<br \/>semperico.com<br \/>sensevent.co.uk<br \/>sensevent.no<br \/>sensevent.uk<br \/>senta.no<br \/>sequra.no<br \/>sequria.no<br \/>shena.no<br \/>simpios.com<br \/>simpios.net<br \/>simpios.no<br \/>simpiosbank.com<br \/>sincerio.no<br \/>siyo.no<br \/>siyu.no<br \/>skapar.no<br \/>slax.no<br \/>smartia.no<br \/>smartiq.no<br \/>smartnes.no<br \/>smartus.no<br \/>smilia.no<br \/>snurris.com<br \/>snurris.no<br \/>solder.no<br \/>soldia.no<br \/>soltura.dk<br \/>soltura.no<br \/>soltura.se<br \/>soluta.no<br \/>soluta.se<br \/>solutia.no<br \/>solutia.se<br \/>soluticom.com<br \/>soluticom.no<br \/>soluticom.se<br \/>solvinia.com<br \/>solvinia.dk<br \/>solvinia.no<br \/>solvinia.se<br \/>solvistia.com<br \/>sparia.no<br \/>spario.no<br \/>spiderhitch.com<br \/>spinck.no<br \/>spinke.no<br \/>springar.no<br \/>stauter.dk<br \/>stauter.no<br \/>stauter.online<br \/>stauter.se<br \/>stayr.dk<br \/>stayr.no<br \/>stayr.se<br \/>steemway.com<br \/>steemway.no<br \/>steemway.se<br \/>stellina.no<br \/>stellini.no<br \/>sterion.no<br \/>sterion.online<br \/>sterion.se<br \/>stiches.no<br \/>strenick.com<br \/>strenick.no<br \/>strenick.se<br \/>strongkey.no<br \/>strongport.no<br \/>svift.no<br \/>swifter.no<br \/>talefinder.no<br \/>techory.no<br \/>thunia.com<br \/>thunia.no<br \/>tigerfish.no<br \/>tinimondi.com<br \/>tinimondi.no<br \/>tolkier.com<br \/>toolware.dk<br \/>toolware.no<br \/>toolware.se<br \/>tormi.no<br \/>traceway.no<br \/>traxx.no<br \/>trivesse.com<br \/>trivesse.se<br \/>trollva.com<br \/>trollva.no<br \/>trustion.no<br \/>trustion.se<br \/>twinster.no<br \/>twizly.no<br \/>twizzly.no<br \/>twoers.com<br \/>twoers.no<br \/>twosome.no<br \/>unisone.no<br \/>unitas.no<br \/>urbannest.no<br \/>vagansi.com<br \/>vagansi.no<br \/>vagansi.se<br \/>vaganz.com<br \/>vaganz.no<br \/>vaganz.se<br \/>vakni.com<br \/>vakni.no<br \/>valfart.no<br \/>val\u00f8r.no<br \/>vappus.no<br \/>vardensborg.no<br \/>veg1.no<br \/>velasio.com<br \/>velasio.dk<br \/>velasio.no<br \/>velasiobank.com<br \/>verdina.no<br \/>verdivia.com<br \/>verdivia.net<br \/>verdivida.com<br \/>verdivida.net<br \/>verdivida.no<br \/>vergion.no<br \/>verigo.no<br \/>vextor.no<br \/>vextor.online<br \/>veyr.no<br \/>viamast.com<br \/>viamast.no<br \/>viamaster.no<br \/>viamoor.com<br \/>viamoor.no<br \/>vianent.com<br \/>vianent.net<br \/>vianent.no<br \/>viantra.com<br \/>viantra.no<br \/>viawhiz.com<br \/>viawhiz.no<br \/>vicerta.no<br \/>victonite.com<br \/>victonite.no<br \/>vidanor.com<br \/>vidanor.no<br \/>villtr.com<br \/>villtr.no<br \/>visona.no<br \/>vitsyn.com<br \/>vitsyn.no<br \/>viventive.no<br \/>viverum.com<br \/>viverum.no<br \/>vivobrava.com<br \/>vivobravo.com<br \/>voktia.no<br \/>vyar.no<br \/>vynd.dk<br \/>vynd.no<br \/>vynd.online<br \/>vynd.se<br \/>wearmate.no<br \/>weesom.com<br \/>wintury.com<br \/>wintury.no<br \/>wintury.online<br \/>xavio.no<br \/>xeerina.com<br \/>xeerina.no<br \/>xelly.no<br \/>xilli.dk<br \/>xilli.no<br \/>xilli.se<br \/>xtansa.com<br \/>xtansa.no<br \/>xtanza.com<br \/>xtanza.no<br \/>yarder.no<br \/>yardia.no<br \/>yatendo.co.uk<br \/>yatendo.no<br \/>yatendo.uk<br \/>yoopr.no<br \/>yvery.dk<br \/>yvery.no<br \/>yvery.online<br \/>yvery.se<br \/>zeebrax.com<br \/>zeebrax.net<br \/>zenscape.no<br \/>zimplia.com<br \/>ziply.no<br \/>zontas.no<br \/>zontas.se<br \/>zooms.no<br \/>zoomus.no<br \/>zoomz.no<br \/>zumma.no<br \/>zwift.no<\/p>\t\t\t\t\t\t\t\t<\/div>\n\t\t\t\t<\/div>\n\t\t\t\t\t<\/div>\n\t\t\t\t<\/div>\n\t\t\t\t<\/div>\n\t\t","protected":false},"excerpt":{"rendered":"<p>Kj\u00f8p \u00f8nsket domene hos oss! Klikk her for \u00e5 se listen Klikk her for \u00e5 bestille domene NameAbrand er leverand\u00f8r av sterke og gode domener. Finn ditt perfekte domene i dag! Vi har en stor og variert portef\u00f8lje av domener som dekker et bredt spekter av bransjer og behov. Uansett om du er p\u00e5 utkikk [&hellip;]<\/p>\n","protected":false},"author":1,"featured_media":0,"parent":0,"menu_order":0,"comment_status":"closed","ping_status":"closed","template":"elementor_header_footer","meta":{"footnotes":""},"class_list":["post-112","page","type-page","status-publish","hentry"],"_links":{"self":[{"href":"https:\/\/nameabrand.no\/en\/wp-json\/wp\/v2\/pages\/112","targetHints":{"allow":["GET"]}}],"collection":[{"href":"https:\/\/nameabrand.no\/en\/wp-json\/wp\/v2\/pages"}],"about":[{"href":"https:\/\/nameabrand.no\/en\/wp-json\/wp\/v2\/types\/page"}],"author":[{"embeddable":true,"href":"https:\/\/nameabrand.no\/en\/wp-json\/wp\/v2\/users\/1"}],"replies":[{"embeddable":true,"href":"https:\/\/nameabrand.no\/en\/wp-json\/wp\/v2\/comments?post=112"}],"version-history":[{"count":116,"href":"https:\/\/nameabrand.no\/en\/wp-json\/wp\/v2\/pages\/112\/revisions"}],"predecessor-version":[{"id":2765,"href":"https:\/\/nameabrand.no\/en\/wp-json\/wp\/v2\/pages\/112\/revisions\/2765"}],"wp:attachment":[{"href":"https:\/\/nameabrand.no\/en\/wp-json\/wp\/v2\/media?parent=112"}],"curies":[{"name":"wp","href":"https:\/\/api.w.org\/{rel}","templated":true}]}}